{"id":136,"date":"2019-06-29T21:17:26","date_gmt":"2019-06-29T21:17:26","guid":{"rendered":"https:\/\/uni-tauchen.de\/?page_id=136"},"modified":"2026-03-28T08:45:07","modified_gmt":"2026-03-28T08:45:07","slug":"ueber-uns","status":"publish","type":"page","link":"https:\/\/uni-tauchen.de\/?page_id=136","title":{"rendered":"\u00dcber uns"},"content":{"rendered":"\n<p class=\"has-text-align-left\">Die Tauchgruppe der Universit\u00e4t Mainz ist vor \u00fcber 30 Jahren entstanden und hat sich seitdem \u00fcber viele Generationen von Tauchlehrern und Helfern gehalten. Wir haben die verschiedensten Hintergr\u00fcnde. Meist (aber nicht ausschlie\u00dflich) sind wir selbst ehemalige Studenten, die den Tauchkurs irgendwann im Laufe unseres Studiums abgeschlossen haben und so viel Spa\u00df dabei hatten, dass wir danach ein Teil des Teams wurden. Inzwischen sind die meisten von uns l\u00e4ngst im Berufsleben und es geh\u00f6rt zu einem Teil unserer Freizeit, heutigen Generationen von Studenten und Angestellten der Mainzer Universit\u00e4t und Hochschule, die Freuden des Tauchens n\u00e4her zu bringen.<br><br><br><\/p>\n\n\n\n<h2 class=\"wp-block-heading\">Tauchlehrer<\/h2>\n\n\n\n<div class=\"wp-block-media-text alignwide has-media-on-the-right is-stacked-on-mobile is-image-fill-element\" style=\"grid-template-columns:auto 30%\"><div class=\"wp-block-media-text__content\">\n<p style=\"font-size:24px\">Stefan<\/p>\n<\/div><figure class=\"wp-block-media-text__media\"><img loading=\"lazy\" decoding=\"async\" width=\"421\" height=\"388\" src=\"https:\/\/uni-tauchen.de\/wp-content\/uploads\/2021\/09\/Junior.jpg\" alt=\"\" class=\"wp-image-458 size-full\" style=\"object-position:53% 51%\" srcset=\"https:\/\/uni-tauchen.de\/wp-content\/uploads\/2021\/09\/Junior.jpg 421w, https:\/\/uni-tauchen.de\/wp-content\/uploads\/2021\/09\/Junior-300x276.jpg 300w\" sizes=\"auto, (max-width: 421px) 100vw, 421px\" \/><\/figure><\/div>\n\n\n\n<div class=\"wp-block-media-text alignwide has-media-on-the-right is-stacked-on-mobile is-image-fill-element\" style=\"grid-template-columns:auto 30%\"><div class=\"wp-block-media-text__content\">\n<p style=\"font-size:24px\">Phillip<\/p>\n<\/div><figure class=\"wp-block-media-text__media\"><img loading=\"lazy\" decoding=\"async\" width=\"680\" height=\"1024\" src=\"https:\/\/uni-tauchen.de\/wp-content\/uploads\/2022\/01\/Passbild-von-mir-680x1024.jpg\" alt=\"\" class=\"wp-image-474 size-full\" style=\"object-position:47% 0%\" srcset=\"https:\/\/uni-tauchen.de\/wp-content\/uploads\/2022\/01\/Passbild-von-mir-680x1024.jpg 680w, https:\/\/uni-tauchen.de\/wp-content\/uploads\/2022\/01\/Passbild-von-mir-199x300.jpg 199w, https:\/\/uni-tauchen.de\/wp-content\/uploads\/2022\/01\/Passbild-von-mir-768x1156.jpg 768w, https:\/\/uni-tauchen.de\/wp-content\/uploads\/2022\/01\/Passbild-von-mir-1020x1536.jpg 1020w, https:\/\/uni-tauchen.de\/wp-content\/uploads\/2022\/01\/Passbild-von-mir-1360x2048.jpg 1360w, https:\/\/uni-tauchen.de\/wp-content\/uploads\/2022\/01\/Passbild-von-mir-scaled.jpg 1700w\" sizes=\"auto, (max-width: 680px) 100vw, 680px\" \/><\/figure><\/div>\n\n\n\n<div class=\"wp-block-media-text alignwide has-media-on-the-right is-stacked-on-mobile is-image-fill-element\" style=\"grid-template-columns:auto 30%\"><div class=\"wp-block-media-text__content\">\n<p style=\"font-size:24px\">Markus<\/p>\n<\/div><figure class=\"wp-block-media-text__media\"><img loading=\"lazy\" decoding=\"async\" width=\"1024\" height=\"681\" src=\"https:\/\/uni-tauchen.de\/wp-content\/uploads\/2021\/09\/DSC_0925-1024x681.jpg\" alt=\"\" class=\"wp-image-412 size-full\" style=\"object-position:19% 44%\" srcset=\"https:\/\/uni-tauchen.de\/wp-content\/uploads\/2021\/09\/DSC_0925-1024x681.jpg 1024w, https:\/\/uni-tauchen.de\/wp-content\/uploads\/2021\/09\/DSC_0925-300x199.jpg 300w, https:\/\/uni-tauchen.de\/wp-content\/uploads\/2021\/09\/DSC_0925-768x511.jpg 768w, https:\/\/uni-tauchen.de\/wp-content\/uploads\/2021\/09\/DSC_0925-1536x1021.jpg 1536w, https:\/\/uni-tauchen.de\/wp-content\/uploads\/2021\/09\/DSC_0925-2048x1362.jpg 2048w, https:\/\/uni-tauchen.de\/wp-content\/uploads\/2021\/09\/DSC_0925-840x560.jpg 840w, https:\/\/uni-tauchen.de\/wp-content\/uploads\/2021\/09\/DSC_0925-120x80.jpg 120w, https:\/\/uni-tauchen.de\/wp-content\/uploads\/2021\/09\/DSC_0925-360x240.jpg 360w, https:\/\/uni-tauchen.de\/wp-content\/uploads\/2021\/09\/DSC_0925-600x400.jpg 600w\" sizes=\"auto, (max-width: 1024px) 100vw, 1024px\" \/><\/figure><\/div>\n\n\n\n<div class=\"wp-block-media-text alignwide has-media-on-the-right is-stacked-on-mobile is-image-fill-element\" style=\"grid-template-columns:auto 30%\"><div class=\"wp-block-media-text__content\">\n<p style=\"font-size:24px\">Lennart<\/p>\n<\/div><figure class=\"wp-block-media-text__media\"><img loading=\"lazy\" decoding=\"async\" width=\"768\" height=\"1024\" src=\"https:\/\/uni-tauchen.de\/wp-content\/uploads\/2022\/01\/IMG_0249-768x1024.jpg\" alt=\"\" class=\"wp-image-477 size-full\" style=\"object-position:50% 50%\" srcset=\"https:\/\/uni-tauchen.de\/wp-content\/uploads\/2022\/01\/IMG_0249-768x1024.jpg 768w, https:\/\/uni-tauchen.de\/wp-content\/uploads\/2022\/01\/IMG_0249-225x300.jpg 225w, https:\/\/uni-tauchen.de\/wp-content\/uploads\/2022\/01\/IMG_0249-1152x1536.jpg 1152w, https:\/\/uni-tauchen.de\/wp-content\/uploads\/2022\/01\/IMG_0249-1536x2048.jpg 1536w, https:\/\/uni-tauchen.de\/wp-content\/uploads\/2022\/01\/IMG_0249-scaled.jpg 1920w\" sizes=\"auto, (max-width: 768px) 100vw, 768px\" \/><\/figure><\/div>\n\n\n\n<h2 class=\"wp-block-heading\">Assistenten<\/h2>\n\n\n\n<div class=\"wp-block-media-text alignwide has-media-on-the-right is-stacked-on-mobile is-image-fill-element\" style=\"grid-template-columns:auto 30%\"><div class=\"wp-block-media-text__content\">\n<p style=\"font-size:24px\">Phil<\/p>\n<\/div><figure class=\"wp-block-media-text__media\"><img loading=\"lazy\" decoding=\"async\" width=\"1024\" height=\"516\" src=\"https:\/\/uni-tauchen.de\/wp-content\/uploads\/2019\/05\/cropped-IMG_0654-10-1024x516.jpg\" alt=\"\" class=\"wp-image-319 size-full\" style=\"object-position:50% 50%\" srcset=\"https:\/\/uni-tauchen.de\/wp-content\/uploads\/2019\/05\/cropped-IMG_0654-10-1024x516.jpg 1024w, https:\/\/uni-tauchen.de\/wp-content\/uploads\/2019\/05\/cropped-IMG_0654-10-300x151.jpg 300w, https:\/\/uni-tauchen.de\/wp-content\/uploads\/2019\/05\/cropped-IMG_0654-10-768x387.jpg 768w\" sizes=\"auto, (max-width: 1024px) 100vw, 1024px\" \/><\/figure><\/div>\n\n\n\n<div class=\"wp-block-media-text alignwide has-media-on-the-right is-stacked-on-mobile is-image-fill-element\" style=\"grid-template-columns:auto 30%\"><div class=\"wp-block-media-text__content\">\n<p style=\"font-size:24px\">Patrick<\/p>\n<\/div><figure class=\"wp-block-media-text__media\"><img loading=\"lazy\" decoding=\"async\" width=\"1024\" height=\"516\" src=\"https:\/\/uni-tauchen.de\/wp-content\/uploads\/2019\/05\/cropped-IMG_0654-10-1024x516.jpg\" alt=\"\" class=\"wp-image-319 size-full\" style=\"object-position:50% 50%\" srcset=\"https:\/\/uni-tauchen.de\/wp-content\/uploads\/2019\/05\/cropped-IMG_0654-10-1024x516.jpg 1024w, https:\/\/uni-tauchen.de\/wp-content\/uploads\/2019\/05\/cropped-IMG_0654-10-300x151.jpg 300w, https:\/\/uni-tauchen.de\/wp-content\/uploads\/2019\/05\/cropped-IMG_0654-10-768x387.jpg 768w\" sizes=\"auto, (max-width: 1024px) 100vw, 1024px\" \/><\/figure><\/div>\n\n\n\n<h2 class=\"wp-block-heading\">Pensionierte Tauchlehrer<\/h2>\n\n\n\n<div class=\"wp-block-media-text alignwide has-media-on-the-right is-stacked-on-mobile is-image-fill-element\" style=\"grid-template-columns:auto 30%\"><div class=\"wp-block-media-text__content\">\n<p style=\"font-size:24px\">Achim<\/p>\n<\/div><figure class=\"wp-block-media-text__media\"><img loading=\"lazy\" decoding=\"async\" width=\"1024\" height=\"573\" src=\"https:\/\/uni-tauchen.de\/wp-content\/uploads\/2019\/05\/cropped-IMG_0654-5-1024x573.jpg\" alt=\"\" class=\"wp-image-98 size-full\" style=\"object-position:50% 50%\" srcset=\"https:\/\/uni-tauchen.de\/wp-content\/uploads\/2019\/05\/cropped-IMG_0654-5-1024x573.jpg 1024w, https:\/\/uni-tauchen.de\/wp-content\/uploads\/2019\/05\/cropped-IMG_0654-5-300x168.jpg 300w, https:\/\/uni-tauchen.de\/wp-content\/uploads\/2019\/05\/cropped-IMG_0654-5-768x429.jpg 768w\" sizes=\"auto, (max-width: 1024px) 100vw, 1024px\" \/><\/figure><\/div>\n","protected":false},"excerpt":{"rendered":"<p>Die Tauchgruppe der Universit\u00e4t Mainz ist vor \u00fcber 30 Jahren entstanden und hat sich seitdem \u00fcber viele Generationen von Tauchlehrern[&#8230;]<\/p>\n","protected":false},"author":1,"featured_media":319,"parent":0,"menu_order":0,"comment_status":"closed","ping_status":"closed","template":"","meta":{"footnotes":""},"class_list":["post-136","page","type-page","status-publish","has-post-thumbnail","hentry"],"_links":{"self":[{"href":"https:\/\/uni-tauchen.de\/index.php?rest_route=\/wp\/v2\/pages\/136","targetHints":{"allow":["GET"]}}],"collection":[{"href":"https:\/\/uni-tauchen.de\/index.php?rest_route=\/wp\/v2\/pages"}],"about":[{"href":"https:\/\/uni-tauchen.de\/index.php?rest_route=\/wp\/v2\/types\/page"}],"author":[{"embeddable":true,"href":"https:\/\/uni-tauchen.de\/index.php?rest_route=\/wp\/v2\/users\/1"}],"replies":[{"embeddable":true,"href":"https:\/\/uni-tauchen.de\/index.php?rest_route=%2Fwp%2Fv2%2Fcomments&post=136"}],"version-history":[{"count":16,"href":"https:\/\/uni-tauchen.de\/index.php?rest_route=\/wp\/v2\/pages\/136\/revisions"}],"predecessor-version":[{"id":591,"href":"https:\/\/uni-tauchen.de\/index.php?rest_route=\/wp\/v2\/pages\/136\/revisions\/591"}],"wp:featuredmedia":[{"embeddable":true,"href":"https:\/\/uni-tauchen.de\/index.php?rest_route=\/wp\/v2\/media\/319"}],"wp:attachment":[{"href":"https:\/\/uni-tauchen.de\/index.php?rest_route=%2Fwp%2Fv2%2Fmedia&parent=136"}],"curies":[{"name":"wp","href":"https:\/\/api.w.org\/{rel}","templated":true}]}}